{"id":6574,"date":"2024-01-11T17:19:51","date_gmt":"2024-01-11T17:19:51","guid":{"rendered":"https:\/\/cmedmaroc.org\/?page_id=6574"},"modified":"2024-01-14T13:15:25","modified_gmt":"2024-01-14T13:15:25","slug":"nos-champs-dinterventions","status":"publish","type":"page","link":"https:\/\/cmedmaroc.org\/en\/nos-champs-dinterventions\/","title":{"rendered":"Our areas of expertise"},"content":{"rendered":"<div data-elementor-type=\"wp-page\" data-elementor-id=\"6574\" class=\"elementor elementor-6574\">\n\t\t\t\t<div class=\"elementor-element elementor-element-2715cce e-con-full e-flex e-con e-parent\" data-id=\"2715cce\" data-element_type=\"container\" data-settings=\"{&quot;background_background&quot;:&quot;classic&quot;}\" data-core-v316-plus=\"true\">\n\t\t<div class=\"elementor-element elementor-element-e0b66d4 e-con-full e-flex e-con e-child\" data-id=\"e0b66d4\" data-element_type=\"container\">\n\t\t\t\t<div class=\"elementor-element elementor-element-f83aba7 edumall-shape-border-circle elementor-widget__width-auto elementor-absolute elementor-widget elementor-widget-tm-shapes\" data-id=\"f83aba7\" data-element_type=\"widget\" data-settings=\"{&quot;_position&quot;:&quot;absolute&quot;}\" data-widget_type=\"tm-shapes.default\">\n\t\t\t\t<div class=\"elementor-widget-container\">\n\t\t\t\t\t<div class=\"edumall-shape edumall-shape-1-1\">\n\t\t\t\t\t\t\t<div class=\"shape\"><\/div>\n\t\t\t\t\t<\/div>\n\t\t\t\t<\/div>\n\t\t\t\t<\/div>\n\t\t\t\t<div class=\"elementor-element elementor-element-eec7c1e edumall-shape-border-circle elementor-widget__width-auto elementor-absolute elementor-widget elementor-widget-tm-shapes\" data-id=\"eec7c1e\" data-element_type=\"widget\" data-settings=\"{&quot;_position&quot;:&quot;absolute&quot;}\" data-widget_type=\"tm-shapes.default\">\n\t\t\t\t<div class=\"elementor-widget-container\">\n\t\t\t\t\t<div class=\"edumall-shape edumall-shape-1-1\">\n\t\t\t\t\t\t\t<div class=\"shape\"><\/div>\n\t\t\t\t\t<\/div>\n\t\t\t\t<\/div>\n\t\t\t\t<\/div>\n\t\t\t\t<div class=\"elementor-element elementor-element-fcf21fd edumall-shape-border-circle elementor-widget__width-auto elementor-absolute elementor-hidden-tablet elementor-hidden-phone elementor-widget elementor-widget-tm-shapes\" data-id=\"fcf21fd\" data-element_type=\"widget\" data-settings=\"{&quot;_position&quot;:&quot;absolute&quot;}\" data-widget_type=\"tm-shapes.default\">\n\t\t\t\t<div class=\"elementor-widget-container\">\n\t\t\t\t\t<div class=\"edumall-shape edumall-shape-1-1\">\n\t\t\t\t\t\t\t<div class=\"shape\"><\/div>\n\t\t\t\t\t<\/div>\n\t\t\t\t<\/div>\n\t\t\t\t<\/div>\n\t\t<div class=\"elementor-element elementor-element-18afa61 e-con-full e-flex e-con e-child\" data-id=\"18afa61\" data-element_type=\"container\">\n\t\t<div class=\"elementor-element elementor-element-4814db5 e-con-full e-flex e-con e-child\" data-id=\"4814db5\" data-element_type=\"container\">\n\t\t\t\t<div class=\"elementor-element elementor-element-f996ef5 elementor-widget elementor-widget-heading\" data-id=\"f996ef5\" data-element_type=\"widget\" data-widget_type=\"heading.default\">\n\t\t\t\t<div class=\"elementor-widget-container\">\n\t\t\t<style>\/*! elementor - v3.20.0 - 26-03-2024 *\/\n.elementor-heading-title{padding:0;margin:0;line-height:1}.elementor-widget-heading .elementor-heading-title[class*=elementor-size-]>a{color:inherit;font-size:inherit;line-height:inherit}.elementor-widget-heading .elementor-heading-title.elementor-size-small{font-size:15px}.elementor-widget-heading .elementor-heading-title.elementor-size-medium{font-size:19px}.elementor-widget-heading .elementor-heading-title.elementor-size-large{font-size:29px}.elementor-widget-heading .elementor-heading-title.elementor-size-xl{font-size:39px}.elementor-widget-heading .elementor-heading-title.elementor-size-xxl{font-size:59px}<\/style><h2 class=\"elementor-heading-title elementor-size-default\">Our areas of expertise<\/h2>\t\t<\/div>\n\t\t\t\t<\/div>\n\t\t\t\t<\/div>\n\t\t\t\t<\/div>\n\t\t\t\t<\/div>\n\t\t\t\t<\/div>\n\t\t\t\t<section class=\"elementor-section elementor-top-section elementor-element elementor-element-67d35da7 elementor-section-content-middle elementor-section-gap-beside-no elementor-section-boxed elementor-section-height-default elementor-section-height-default elementor-section-content-align-center elementor-section-column-vertical-align-stretch\" data-id=\"67d35da7\" data-element_type=\"section\" data-settings=\"{&quot;background_background&quot;:&quot;classic&quot;}\">\n\t\t\t\t\t\t<div class=\"elementor-container elementor-column-gap-extended\">\n\t\t\t\t\t<div class=\"elementor-column elementor-col-100 elementor-top-column elementor-element elementor-element-323524eb\" data-id=\"323524eb\" data-element_type=\"column\">\n\t\t\t<div class=\"elementor-widget-wrap elementor-element-populated\">\n\t\t\t\t\t\t<div class=\"elementor-element elementor-element-cdc8d53 elementor-position-left elementor-vertical-align-middle elementor-view-default elementor-mobile-position-top elementor-widget elementor-widget-icon-box\" data-id=\"cdc8d53\" data-element_type=\"widget\" data-widget_type=\"icon-box.default\">\n\t\t\t\t<div class=\"elementor-widget-container\">\n\t\t\t<link rel=\"stylesheet\" href=\"https:\/\/cmedmaroc.org\/wp-content\/plugins\/elementor\/assets\/css\/widget-icon-box.min.css\">\t\t<div class=\"elementor-icon-box-wrapper\">\n\t\t\t\t\t\t<div class=\"elementor-icon-box-icon\">\n\t\t\t\t<span  class=\"elementor-icon elementor-animation-\">\n\t\t\t\t<i aria-hidden=\"true\" class=\"fa-duotone fa-book-open-reader\"><\/i>\t\t\t\t<\/span>\n\t\t\t<\/div>\n\t\t\t\t\t\t<div class=\"elementor-icon-box-content\">\n\t\t\t\t<h3 class=\"elementor-icon-box-title\">\n\t\t\t\t\t<span  >\n\t\t\t\t\t\tEducation Department\t\t\t\t\t<\/span>\n\t\t\t\t<\/h3>\n\t\t\t\t\t\t\t<\/div>\n\t\t<\/div>\n\t\t\t\t<\/div>\n\t\t\t\t<\/div>\n\t\t\t\t<div class=\"elementor-element elementor-element-592e6866 elementor-widget elementor-widget-tm-heading\" data-id=\"592e6866\" data-element_type=\"widget\" data-widget_type=\"tm-heading.default\">\n\t\t\t\t<div class=\"elementor-widget-container\">\n\t\t\t\t\t<div class=\"tm-modern-heading\">\n\t\t\t\n\t\t\t\t\t<div class=\"heading-primary-wrap\">\n\t\t\t<h5 class=\"heading-primary elementor-heading-title\">Provide educational, pedagogical, social and academic support tailored to the needs of children and young people in difficulty. Combat school drop-out in rural areas by setting up and managing student centers in the rural commune of AIT ABASS in the B\u00e9nimelal-Kh\u00e9nifra region.\n<\/h5>\t\t<\/div>\n\t\t\n\t\t\t\n\t\t\t\t\t<\/div>\n\t\t\t\t<\/div>\n\t\t\t\t<\/div>\n\t\t\t\t<div class=\"elementor-element elementor-element-9322eff elementor-widget elementor-widget-tm-heading\" data-id=\"9322eff\" data-element_type=\"widget\" data-widget_type=\"tm-heading.default\">\n\t\t\t\t<div class=\"elementor-widget-container\">\n\t\t\t\t\t<div class=\"tm-modern-heading\">\n\t\t\t\n\t\t\t\t\t<div class=\"heading-primary-wrap\">\n\t\t\t<h5 class=\"heading-primary elementor-heading-title\">As part of the implementation of the project to improve pre-school education and accelerate the pace of its generalization, CMED has designed and developed, in collaboration with AREFs and in partnership with the LDS Charities foundation, a capacity-building program for pre-school educators to enable them to deliver pre-school education more effectively, while providing them with an outside perspective and new enrichment. <\/h5>\t\t<\/div>\n\t\t\n\t\t\t\n\t\t\t\t\t<\/div>\n\t\t\t\t<\/div>\n\t\t\t\t<\/div>\n\t\t\t\t<div class=\"elementor-element elementor-element-258ae6a elementor-widget elementor-widget-tm-heading\" data-id=\"258ae6a\" data-element_type=\"widget\" data-widget_type=\"tm-heading.default\">\n\t\t\t\t<div class=\"elementor-widget-container\">\n\t\t\t\t\t<div class=\"tm-modern-heading\">\n\t\t\t\n\t\t\t\t\t<div class=\"heading-primary-wrap\">\n\t\t\t<h5 class=\"heading-primary elementor-heading-title\">More than 650 preschool teachers trained and integrated by CMED\n<\/h5>\t\t<\/div>\n\t\t\n\t\t\t\n\t\t\t\t\t<\/div>\n\t\t\t\t<\/div>\n\t\t\t\t<\/div>\n\t\t\t\t<div class=\"elementor-element elementor-element-22489e5 elementor-widget elementor-widget-tm-heading\" data-id=\"22489e5\" data-element_type=\"widget\" data-widget_type=\"tm-heading.default\">\n\t\t\t\t<div class=\"elementor-widget-container\">\n\t\t\t\t\t<div class=\"tm-modern-heading\">\n\t\t\t\n\t\t\t\t\t<div class=\"heading-primary-wrap\">\n\t\t\t<h5 class=\"heading-primary elementor-heading-title\">To offer young girls from underprivileged, mountainous and remote areas an educational environment and a comfortable place to avoid dropping out of school. In partnership with LE MEN, INDH and the municipality of AIT ABASS in the B\u00e9nimelal Kh\u00e9nifra region, CMED has set up a house for female students housing over 60 girls, and a house for male students currently under construction.<\/h5>\t\t<\/div>\n\t\t\n\t\t\t\n\t\t\t\t\t<\/div>\n\t\t\t\t<\/div>\n\t\t\t\t<\/div>\n\t\t\t\t\t<\/div>\n\t\t<\/div>\n\t\t\t\t\t<\/div>\n\t\t<\/section>\n\t\t\t\t<section class=\"elementor-section elementor-top-section elementor-element elementor-element-54f45c1 elementor-section-content-middle elementor-section-gap-beside-no elementor-section-boxed elementor-section-height-default elementor-section-height-default elementor-section-content-align-center elementor-section-column-vertical-align-stretch\" data-id=\"54f45c1\" data-element_type=\"section\" data-settings=\"{&quot;background_background&quot;:&quot;classic&quot;}\">\n\t\t\t\t\t\t<div class=\"elementor-container elementor-column-gap-extended\">\n\t\t\t\t\t<div class=\"elementor-column elementor-col-100 elementor-top-column elementor-element elementor-element-ab435d3\" data-id=\"ab435d3\" data-element_type=\"column\">\n\t\t\t<div class=\"elementor-widget-wrap elementor-element-populated\">\n\t\t\t\t\t\t<div class=\"elementor-element elementor-element-fabf51d elementor-position-left elementor-vertical-align-middle elementor-view-default elementor-mobile-position-top elementor-widget elementor-widget-icon-box\" data-id=\"fabf51d\" data-element_type=\"widget\" data-widget_type=\"icon-box.default\">\n\t\t\t\t<div class=\"elementor-widget-container\">\n\t\t\t\t\t<div class=\"elementor-icon-box-wrapper\">\n\t\t\t\t\t\t<div class=\"elementor-icon-box-icon\">\n\t\t\t\t<span  class=\"elementor-icon elementor-animation-\">\n\t\t\t\t<i aria-hidden=\"true\" class=\"fa-duotone fa-briefcase\"><\/i>\t\t\t\t<\/span>\n\t\t\t<\/div>\n\t\t\t\t\t\t<div class=\"elementor-icon-box-content\">\n\t\t\t\t<h3 class=\"elementor-icon-box-title\">\n\t\t\t\t\t<span  >\n\t\t\t\t\t\tProfessional and Economic Integration Department\u00a0\t\t\t\t\t<\/span>\n\t\t\t\t<\/h3>\n\t\t\t\t\t\t\t<\/div>\n\t\t<\/div>\n\t\t\t\t<\/div>\n\t\t\t\t<\/div>\n\t\t\t\t<div class=\"elementor-element elementor-element-9a865fe elementor-widget elementor-widget-tm-heading\" data-id=\"9a865fe\" data-element_type=\"widget\" data-widget_type=\"tm-heading.default\">\n\t\t\t\t<div class=\"elementor-widget-container\">\n\t\t\t\t\t<div class=\"tm-modern-heading\">\n\t\t\t\n\t\t\t\t\t<div class=\"heading-primary-wrap\">\n\t\t\t<h5 class=\"heading-primary elementor-heading-title\">Offer a second chance of schooling to young people and teenagers who have dropped out of formal schooling, and introduce a new teaching method based on preparing students for socio-professional life and adapting them to labor market conditions through new-generation second-chance centers.<\/h5>\t\t<\/div>\n\t\t\n\t\t\t\n\t\t\t\t\t<\/div>\n\t\t\t\t<\/div>\n\t\t\t\t<\/div>\n\t\t\t\t<div class=\"elementor-element elementor-element-310cffa elementor-widget elementor-widget-tm-heading\" data-id=\"310cffa\" data-element_type=\"widget\" data-widget_type=\"tm-heading.default\">\n\t\t\t\t<div class=\"elementor-widget-container\">\n\t\t\t\t\t<div class=\"tm-modern-heading\">\n\t\t\t\n\t\t\t\t\t<div class=\"heading-primary-wrap\">\n\t\t\t<h5 class=\"heading-primary elementor-heading-title\">More than 929 young NEETS have been trained at the Second Chance Center run by CMED<\/h5>\t\t<\/div>\n\t\t\n\t\t\t\n\t\t\t\t\t<\/div>\n\t\t\t\t<\/div>\n\t\t\t\t<\/div>\n\t\t\t\t\t<\/div>\n\t\t<\/div>\n\t\t\t\t\t<\/div>\n\t\t<\/section>\n\t\t\t\t<section class=\"elementor-section elementor-top-section elementor-element elementor-element-2a89793 elementor-section-content-middle elementor-section-gap-beside-no elementor-section-boxed elementor-section-height-default elementor-section-height-default elementor-section-content-align-center elementor-section-column-vertical-align-stretch\" data-id=\"2a89793\" data-element_type=\"section\" data-settings=\"{&quot;background_background&quot;:&quot;classic&quot;}\">\n\t\t\t\t\t\t<div class=\"elementor-container elementor-column-gap-extended\">\n\t\t\t\t\t<div class=\"elementor-column elementor-col-100 elementor-top-column elementor-element elementor-element-c1f10c0\" data-id=\"c1f10c0\" data-element_type=\"column\">\n\t\t\t<div class=\"elementor-widget-wrap elementor-element-populated\">\n\t\t\t\t\t\t<div class=\"elementor-element elementor-element-83b7733 elementor-position-left elementor-vertical-align-middle elementor-view-default elementor-mobile-position-top elementor-widget elementor-widget-icon-box\" data-id=\"83b7733\" data-element_type=\"widget\" data-widget_type=\"icon-box.default\">\n\t\t\t\t<div class=\"elementor-widget-container\">\n\t\t\t\t\t<div class=\"elementor-icon-box-wrapper\">\n\t\t\t\t\t\t<div class=\"elementor-icon-box-icon\">\n\t\t\t\t<span  class=\"elementor-icon elementor-animation-\">\n\t\t\t\t<i aria-hidden=\"true\" class=\"fa-duotone fa-bullseye-arrow\"><\/i>\t\t\t\t<\/span>\n\t\t\t<\/div>\n\t\t\t\t\t\t<div class=\"elementor-icon-box-content\">\n\t\t\t\t<h3 class=\"elementor-icon-box-title\">\n\t\t\t\t\t<span  >\n\t\t\t\t\t\tLocal and Territorial Development Department\u00a0\t\t\t\t\t<\/span>\n\t\t\t\t<\/h3>\n\t\t\t\t\t\t\t<\/div>\n\t\t<\/div>\n\t\t\t\t<\/div>\n\t\t\t\t<\/div>\n\t\t\t\t<div class=\"elementor-element elementor-element-6e13c6b elementor-widget elementor-widget-tm-heading\" data-id=\"6e13c6b\" data-element_type=\"widget\" data-widget_type=\"tm-heading.default\">\n\t\t\t\t<div class=\"elementor-widget-container\">\n\t\t\t\t\t<div class=\"tm-modern-heading\">\n\t\t\t\n\t\t\t\t\t<div class=\"heading-primary-wrap\">\n\t\t\t<h5 class=\"heading-primary elementor-heading-title\">CMED has set up the Water for Food project, which aims to develop local agriculture in the AIT ABASS region in order to guarantee the survival of local populations, through irrigation practices and agroecosystems that are more sustainable, equitable and resilient to climate change. This will be achieved through the installation of two drinking and irrigation basins, as well as solar panels to conserve energy resources.<\/h5>\t\t<\/div>\n\t\t\n\t\t\t\n\t\t\t\t\t<\/div>\n\t\t\t\t<\/div>\n\t\t\t\t<\/div>\n\t\t\t\t<div class=\"elementor-element elementor-element-4611d1b elementor-widget elementor-widget-tm-heading\" data-id=\"4611d1b\" data-element_type=\"widget\" data-widget_type=\"tm-heading.default\">\n\t\t\t\t<div class=\"elementor-widget-container\">\n\t\t\t\t\t<div class=\"tm-modern-heading\">\n\t\t\t\n\t\t\t\t\t<div class=\"heading-primary-wrap\">\n\t\t\t<h5 class=\"heading-primary elementor-heading-title\">Design and installation of sanitary blocks in more than 10 school groups in mountainous regions.\n<\/h5>\t\t<\/div>\n\t\t\n\t\t\t\n\t\t\t\t\t<\/div>\n\t\t\t\t<\/div>\n\t\t\t\t<\/div>\n\t\t\t\t<div class=\"elementor-element elementor-element-07dd293 elementor-widget elementor-widget-tm-heading\" data-id=\"07dd293\" data-element_type=\"widget\" data-widget_type=\"tm-heading.default\">\n\t\t\t\t<div class=\"elementor-widget-container\">\n\t\t\t\t\t<div class=\"tm-modern-heading\">\n\t\t\t\n\t\t\t\t\t<div class=\"heading-primary-wrap\">\n\t\t\t<h5 class=\"heading-primary elementor-heading-title\">Building and equipping pre-school classrooms in several regions of Morocco, as well as training pre-school teachers.<\/h5>\t\t<\/div>\n\t\t\n\t\t\t\n\t\t\t\t\t<\/div>\n\t\t\t\t<\/div>\n\t\t\t\t<\/div>\n\t\t\t\t\t<\/div>\n\t\t<\/div>\n\t\t\t\t\t<\/div>\n\t\t<\/section>\n\t\t\t\t<\/div>","protected":false},"excerpt":{"rendered":"<p>Nos champs d\u2019interventions P\u00f4le \u00e9ducation Assurer un accompagnement \u00e9ducatif, p\u00e9dagogique, social et scolaire adapt\u00e9 aux besoins des enfants et des jeunes en difficult\u00e9. Lutter contre l\u2019abandon scolaire dans le monde rural \u00e0 travers la cr\u00e9ation et la gestion des maisons des \u00e9tudiantes et des \u00e9tudiants dans la commune rurale d\u2019AIT ABASS r\u00e9gion B\u00e9nimelal Kh\u00e9nifra Dans le cadre de la mise en \u0153uvre du projet d\u2019am\u00e9lioration de l\u2019enseignement pr\u00e9scolaire et l\u2019acc\u00e9l\u00e9ration du rythme de sa g\u00e9n\u00e9ralisation, CMED a con\u00e7u et d\u00e9velopp\u00e9, en collaboration avec les AREFs et en partenariat avec la fondation LDS Charities un programme de renforcement de capacit\u00e9s des \u00e9ducatrices pr\u00e9scolaire afin qu\u2019ils dispensent l&#8217;\u00e9ducation pr\u00e9scolaire avec une efficacit\u00e9 accrue tout en leur apportant un regard ext\u00e9rieur et un nouvel enrichissement. Plus que 650 \u00e9ducatrices sp\u00e9cialis\u00e9s en pr\u00e9scolaire form\u00e9es et ins\u00e9r\u00e9es par le CMED Afin d&#8217;offrir aux jeunes filles issus d&#8217;un milieu d\u00e9favoris\u00e9 et des zones montagneuses et lointaines un milieu d&#8217;\u00e9ducation et une zone confortable afin d&#8217;\u00e9viter le d\u00e9crochage scolaire. Le CMED a mis en place en partenariat avec LE MEN, l&#8217;INDH et la commune d&#8217;AIT ABASS r\u00e9gion B\u00e9nimelal Kh\u00e9nifra une maison des \u00e9tudiantes qui abritent plus que 60 filles et une maison des \u00e9tudiants en cours de construction. P\u00f4le insertion professionnelle et \u00e9conomique\u00a0 Offrir une deuxi\u00e8me chance de scolarisation aux jeunes et adolescent(e)s qui ont abandonn\u00e9 l\u2019\u00e9cole formelle et introduire une nouvelle m\u00e9thode d\u2019enseignement bas\u00e9e sur la pr\u00e9paration de l\u2019\u00e9l\u00e8ve \u00e0 la vie socio-professionnelle ainsi que son adaptation aux conditions du march\u00e9 du travail \u00e0 travers les centres de deuxi\u00e8me chance nouvelle g\u00e9n\u00e9ration. Plus que 929 jeunes NEETS ont \u00e9t\u00e9 form\u00e9es au centre de deuxi\u00e8me chance g\u00e9r\u00e9 par la CMED P\u00f4le d\u00e9veloppement local et territorial\u00a0 Le CMED \u00e0 mis en place le projet Water for Food qui vise le d\u00e9veloppement des agricultures locales de la r\u00e9gion AIT ABASS afin de garantir la survie des populations locales, via des pratiques d\u2019irrigation et des agro\u00e9cosyst\u00e8mes plus durables, \u00e9quitables et r\u00e9silients au changement climatique. Et ceci \u00e0 travers la mise en place de deux bassins potables et pour irrigations ainsi que des panneaux solaires pour pr\u00e9server les ressources d\u2019\u00e9nergie. Am\u00e9nagement et mise en place des blocs sanitaires dans plus que 10 groupes scolaires dans des r\u00e9gions montagneuses. Construction et \u00e9quipement des classes de pr\u00e9scolaire dans plusieurs r\u00e9gions du Maroc ainsi que la formation des \u00e9ducatrices du pr\u00e9scolaire.<\/p>","protected":false},"author":1,"featured_media":0,"parent":0,"menu_order":7,"comment_status":"closed","ping_status":"closed","template":"","meta":{"ngg_post_thumbnail":0,"footnotes":""},"class_list":["post-6574","page","type-page","status-publish","hentry","post-no-thumbnail"],"_links":{"self":[{"href":"https:\/\/cmedmaroc.org\/en\/wp-json\/wp\/v2\/pages\/6574","targetHints":{"allow":["GET"]}}],"collection":[{"href":"https:\/\/cmedmaroc.org\/en\/wp-json\/wp\/v2\/pages"}],"about":[{"href":"https:\/\/cmedmaroc.org\/en\/wp-json\/wp\/v2\/types\/page"}],"author":[{"embeddable":true,"href":"https:\/\/cmedmaroc.org\/en\/wp-json\/wp\/v2\/users\/1"}],"replies":[{"embeddable":true,"href":"https:\/\/cmedmaroc.org\/en\/wp-json\/wp\/v2\/comments?post=6574"}],"version-history":[{"count":42,"href":"https:\/\/cmedmaroc.org\/en\/wp-json\/wp\/v2\/pages\/6574\/revisions"}],"predecessor-version":[{"id":6817,"href":"https:\/\/cmedmaroc.org\/en\/wp-json\/wp\/v2\/pages\/6574\/revisions\/6817"}],"wp:attachment":[{"href":"https:\/\/cmedmaroc.org\/en\/wp-json\/wp\/v2\/media?parent=6574"}],"curies":[{"name":"wp","href":"https:\/\/api.w.org\/{rel}","templated":true}]}}