{"id":6388,"date":"2024-01-09T18:51:49","date_gmt":"2024-01-09T18:51:49","guid":{"rendered":"https:\/\/cmedmaroc.org\/?page_id=6388"},"modified":"2024-01-22T08:32:21","modified_gmt":"2024-01-22T08:32:21","slug":"mot-du-president","status":"publish","type":"page","link":"https:\/\/cmedmaroc.org\/en\/mot-du-president\/","title":{"rendered":"President's speech"},"content":{"rendered":"<div data-elementor-type=\"wp-page\" data-elementor-id=\"6388\" class=\"elementor elementor-6388\">\n\t\t\t\t<div class=\"elementor-element elementor-element-6c1ded1 e-con-full e-flex e-con e-parent\" data-id=\"6c1ded1\" data-element_type=\"container\" data-settings=\"{&quot;background_background&quot;:&quot;classic&quot;}\" data-core-v316-plus=\"true\">\n\t\t<div class=\"elementor-element elementor-element-68be61b e-con-full e-flex e-con e-child\" data-id=\"68be61b\" data-element_type=\"container\">\n\t\t\t\t<div class=\"elementor-element elementor-element-c7fae98 edumall-shape-border-circle elementor-widget__width-auto elementor-absolute elementor-widget elementor-widget-tm-shapes\" data-id=\"c7fae98\" data-element_type=\"widget\" data-settings=\"{&quot;_position&quot;:&quot;absolute&quot;}\" data-widget_type=\"tm-shapes.default\">\n\t\t\t\t<div class=\"elementor-widget-container\">\n\t\t\t\t\t<div class=\"edumall-shape edumall-shape-1-1\">\n\t\t\t\t\t\t\t<div class=\"shape\"><\/div>\n\t\t\t\t\t<\/div>\n\t\t\t\t<\/div>\n\t\t\t\t<\/div>\n\t\t\t\t<div class=\"elementor-element elementor-element-b3831c3 edumall-shape-border-circle elementor-widget__width-auto elementor-absolute elementor-widget elementor-widget-tm-shapes\" data-id=\"b3831c3\" data-element_type=\"widget\" data-settings=\"{&quot;_position&quot;:&quot;absolute&quot;}\" data-widget_type=\"tm-shapes.default\">\n\t\t\t\t<div class=\"elementor-widget-container\">\n\t\t\t\t\t<div class=\"edumall-shape edumall-shape-1-1\">\n\t\t\t\t\t\t\t<div class=\"shape\"><\/div>\n\t\t\t\t\t<\/div>\n\t\t\t\t<\/div>\n\t\t\t\t<\/div>\n\t\t\t\t<div class=\"elementor-element elementor-element-fc70631 edumall-shape-border-circle elementor-widget__width-auto elementor-absolute elementor-hidden-tablet elementor-hidden-phone elementor-widget elementor-widget-tm-shapes\" data-id=\"fc70631\" data-element_type=\"widget\" data-settings=\"{&quot;_position&quot;:&quot;absolute&quot;}\" data-widget_type=\"tm-shapes.default\">\n\t\t\t\t<div class=\"elementor-widget-container\">\n\t\t\t\t\t<div class=\"edumall-shape edumall-shape-1-1\">\n\t\t\t\t\t\t\t<div class=\"shape\"><\/div>\n\t\t\t\t\t<\/div>\n\t\t\t\t<\/div>\n\t\t\t\t<\/div>\n\t\t<div class=\"elementor-element elementor-element-7d26806 e-con-full e-flex e-con e-child\" data-id=\"7d26806\" data-element_type=\"container\">\n\t\t<div class=\"elementor-element elementor-element-491e779 e-con-full e-flex e-con e-child\" data-id=\"491e779\" data-element_type=\"container\">\n\t\t\t\t<div class=\"elementor-element elementor-element-bc00511 elementor-widget elementor-widget-heading\" data-id=\"bc00511\" data-element_type=\"widget\" data-widget_type=\"heading.default\">\n\t\t\t\t<div class=\"elementor-widget-container\">\n\t\t\t<style>\/*! elementor - v3.20.0 - 26-03-2024 *\/\n.elementor-heading-title{padding:0;margin:0;line-height:1}.elementor-widget-heading .elementor-heading-title[class*=elementor-size-]>a{color:inherit;font-size:inherit;line-height:inherit}.elementor-widget-heading .elementor-heading-title.elementor-size-small{font-size:15px}.elementor-widget-heading .elementor-heading-title.elementor-size-medium{font-size:19px}.elementor-widget-heading .elementor-heading-title.elementor-size-large{font-size:29px}.elementor-widget-heading .elementor-heading-title.elementor-size-xl{font-size:39px}.elementor-widget-heading .elementor-heading-title.elementor-size-xxl{font-size:59px}<\/style><h2 class=\"elementor-heading-title elementor-size-default\">President's speech<\/h2>\t\t<\/div>\n\t\t\t\t<\/div>\n\t\t\t\t<\/div>\n\t\t\t\t<\/div>\n\t\t\t\t<\/div>\n\t\t\t\t<\/div>\n\t\t<div class=\"elementor-element elementor-element-c79cf89 e-flex e-con-boxed e-con e-parent\" data-id=\"c79cf89\" data-element_type=\"container\" data-core-v316-plus=\"true\">\n\t\t\t\t\t<div class=\"e-con-inner\">\n\t\t\t\t<div class=\"elementor-element elementor-element-e66acdf elementor-widget elementor-widget-spacer\" data-id=\"e66acdf\" data-element_type=\"widget\" data-widget_type=\"spacer.default\">\n\t\t\t\t<div class=\"elementor-widget-container\">\n\t\t\t<style>\/*! elementor - v3.20.0 - 26-03-2024 *\/\n.elementor-column .elementor-spacer-inner{height:var(--spacer-size)}.e-con{--container-widget-width:100%}.e-con-inner>.elementor-widget-spacer,.e-con>.elementor-widget-spacer{width:var(--container-widget-width,var(--spacer-size));--align-self:var(--container-widget-align-self,initial);--flex-shrink:0}.e-con-inner>.elementor-widget-spacer>.elementor-widget-container,.e-con>.elementor-widget-spacer>.elementor-widget-container{height:100%;width:100%}.e-con-inner>.elementor-widget-spacer>.elementor-widget-container>.elementor-spacer,.e-con>.elementor-widget-spacer>.elementor-widget-container>.elementor-spacer{height:100%}.e-con-inner>.elementor-widget-spacer>.elementor-widget-container>.elementor-spacer>.elementor-spacer-inner,.e-con>.elementor-widget-spacer>.elementor-widget-container>.elementor-spacer>.elementor-spacer-inner{height:var(--container-widget-height,var(--spacer-size))}.e-con-inner>.elementor-widget-spacer.elementor-widget-empty,.e-con>.elementor-widget-spacer.elementor-widget-empty{position:relative;min-height:22px;min-width:22px}.e-con-inner>.elementor-widget-spacer.elementor-widget-empty .elementor-widget-empty-icon,.e-con>.elementor-widget-spacer.elementor-widget-empty .elementor-widget-empty-icon{position:absolute;top:0;bottom:0;left:0;right:0;margin:auto;padding:0;width:22px;height:22px}<\/style>\t\t<div class=\"elementor-spacer\">\n\t\t\t<div class=\"elementor-spacer-inner\"><\/div>\n\t\t<\/div>\n\t\t\t\t<\/div>\n\t\t\t\t<\/div>\n\t\t\t\t\t<\/div>\n\t\t\t\t<\/div>\n\t\t\t\t<section class=\"elementor-section elementor-top-section elementor-element elementor-element-dcad7c2 elementor-section-gap-beside-no elementor-section-column-vertical-align-middle elementor-section-boxed elementor-section-height-default elementor-section-height-default elementor-section-content-align-center\" data-id=\"dcad7c2\" data-element_type=\"section\">\n\t\t\t\t\t\t<div class=\"elementor-container elementor-column-gap-custom\">\n\t\t\t\t\t<div class=\"elementor-column elementor-col-100 elementor-top-column elementor-element elementor-element-f2abe8f\" data-id=\"f2abe8f\" data-element_type=\"column\">\n\t\t\t<div class=\"elementor-widget-wrap elementor-element-populated\">\n\t\t\t\t\t\t<section class=\"elementor-section elementor-inner-section elementor-element elementor-element-87131ec elementor-section-gap-beside-no elementor-section-content-middle elementor-section-full_width elementor-section-height-default elementor-section-height-default elementor-section-content-align-center elementor-section-column-vertical-align-stretch\" data-id=\"87131ec\" data-element_type=\"section\" data-settings=\"{&quot;background_background&quot;:&quot;gradient&quot;}\">\n\t\t\t\t\t\t<div class=\"elementor-container elementor-column-gap-wider\">\n\t\t\t\t\t<div class=\"elementor-column elementor-col-50 elementor-inner-column elementor-element elementor-element-07341bc\" data-id=\"07341bc\" data-element_type=\"column\">\n\t\t\t<div class=\"elementor-widget-wrap elementor-element-populated\">\n\t\t\t\t\t\t<div class=\"elementor-element elementor-element-d9ea78f elementor-invisible elementor-widget elementor-widget-image\" data-id=\"d9ea78f\" data-element_type=\"widget\" data-settings=\"{&quot;_animation&quot;:&quot;edumallFadeInUp&quot;}\" data-widget_type=\"image.default\">\n\t\t\t\t<div class=\"elementor-widget-container\">\n\t\t\t<style>\/*! elementor - v3.20.0 - 26-03-2024 *\/\n.elementor-widget-image{text-align:center}.elementor-widget-image a{display:inline-block}.elementor-widget-image a img[src$=\".svg\"]{width:48px}.elementor-widget-image img{vertical-align:middle;display:inline-block}<\/style>\t\t\t\t\t\t\t\t\t\t<img fetchpriority=\"high\" decoding=\"async\" width=\"1080\" height=\"1080\" src=\"https:\/\/cmedmaroc.org\/wp-content\/uploads\/2024\/01\/Ahmed-Hmoudou.jpg\" class=\"attachment-full size-full wp-image-6599\" alt=\"\" srcset=\"https:\/\/cmedmaroc.org\/wp-content\/uploads\/2024\/01\/Ahmed-Hmoudou.jpg 1080w, https:\/\/cmedmaroc.org\/wp-content\/uploads\/2024\/01\/Ahmed-Hmoudou-300x300.jpg 300w, https:\/\/cmedmaroc.org\/wp-content\/uploads\/2024\/01\/Ahmed-Hmoudou-1024x1024.jpg 1024w, https:\/\/cmedmaroc.org\/wp-content\/uploads\/2024\/01\/Ahmed-Hmoudou-150x150.jpg 150w, https:\/\/cmedmaroc.org\/wp-content\/uploads\/2024\/01\/Ahmed-Hmoudou-768x768.jpg 768w\" sizes=\"(max-width: 1080px) 100vw, 1080px\" \/>\t\t\t\t\t\t\t\t\t\t\t\t\t<\/div>\n\t\t\t\t<\/div>\n\t\t\t\t<div class=\"elementor-element elementor-element-e903236 elementor-hidden-mobile elementor-widget elementor-widget-tm-button\" data-id=\"e903236\" data-element_type=\"widget\" data-widget_type=\"tm-button.default\">\n\t\t\t\t<div class=\"elementor-widget-container\">\n\t\t\t\t\t<div class=\"tm-button-wrapper\">\n\t\t\t<a href=\"#\" class=\"tm-button-link tm-button style-text tm-button-nm icon-right\" role=\"button\">\n\t\t\t\t\t\t<div class=\"button-content-wrapper\">\n\t\t\t\n\t\t\t\t\t\t\t<span class=\"button-text\">Ahmed Hmoudou <\/span>\n\t\t\t\n\t\t\t\t\t\t\t<span class=\"button-icon\">\n\t\t\t\t\t<i class=\"fa-duotone fa-badge-check\"><\/i>\t\t\t\t<\/span>\n\t\t\t\t\t<\/div>\n\t\t\n\t\t\t\t\t\t\t<\/a>\n\t\t<\/div>\n\t\t\t\t<\/div>\n\t\t\t\t<\/div>\n\t\t\t\t<div class=\"elementor-element elementor-element-80f393d elementor-hidden-mobile elementor-widget elementor-widget-heading\" data-id=\"80f393d\" data-element_type=\"widget\" data-widget_type=\"heading.default\">\n\t\t\t\t<div class=\"elementor-widget-container\">\n\t\t\t<h2 class=\"elementor-heading-title elementor-size-default\">Pr\u00e9sident du Corps Marocain pour \u00c9ducation et D\u00e9veloppement<\/h2>\t\t<\/div>\n\t\t\t\t<\/div>\n\t\t\t\t\t<\/div>\n\t\t<\/div>\n\t\t\t\t<div class=\"elementor-column elementor-col-50 elementor-inner-column elementor-element elementor-element-867825f\" data-id=\"867825f\" data-element_type=\"column\">\n\t\t\t<div class=\"elementor-widget-wrap elementor-element-populated\">\n\t\t\t\t\t\t<div class=\"elementor-element elementor-element-c5c8bd2 edumall-modern-heading-style-01 elementor-widget__width-initial elementor-invisible elementor-widget elementor-widget-tm-heading\" data-id=\"c5c8bd2\" data-element_type=\"widget\" data-settings=\"{&quot;_animation&quot;:&quot;edumallFadeInUp&quot;}\" data-widget_type=\"tm-heading.default\">\n\t\t\t\t<div class=\"elementor-widget-container\">\n\t\t\t\t\t<div class=\"tm-modern-heading\">\n\t\t\t\n\t\t\t\t\t<div class=\"heading-primary-wrap\">\n\t\t\t<h3 class=\"heading-primary elementor-heading-title\">The strength of an association and its team lies in its values and the meaning it gives to its actions.<\/h3>\t\t<\/div>\n\t\t\n\t\t\t\n\t\t\t\t\t<div class=\"heading-description-wrap\">\n\t\t\t<div class=\"heading-description\">\n\t\t\t\t<p>Since the creation of the Moroccan Corps for Education and Development in 2000, we have constantly defended the gender approach, the question of education and the professional integration of young people, migrants and refugees, but also finding support to develop their autonomy, create links and open up to cultures.<\/p><p>The institutional context, linked to the integration of people in vulnerable situations, in particular young people who need a second chance and the integration of people in difficulty, is constantly evolving and demands frequent adaptations from an association like ours, which is why our project relies on the participation of all.<\/p><p>Just like the people we welcome, we have to face up to many uncertainties and manage them as best we can to find our autonomy, defend our points of view and achieve financial equilibrium in order to guarantee everyone the stability of a solid structure.<\/p><p>Gathering and promoting continues to be CMED's essential mission. Of course, in addition to the social aspect, our role as an Association will be, in consultation and collaboration with all the players in the community, to participate in the dissemination of research in the field of the professional integration of young people and the improvement of the situation of pre-school and childhood in general.<\/p><p>The sharing and involvement of all those I meet reinforces my conviction that, together and in a spirit of solidarity, the men and women of the world can achieve great things. confidence in ourselves to build a more beautiful humanity.<\/p><p>Buoyed by these projects and motivated by the challenges that lie ahead, I look forward to meeting you soon, preferably in the flesh, at one of our many events, and I thank you for contributing, each in your own way, to the development of our association.<\/p><div id=\"gtx-trans\" style=\"position: absolute;left: 338px;top: 242.6px\"><div class=\"gtx-trans-icon\">\u00a0<\/div><\/div>\t\t\t<\/div>\n\t\t<\/div>\n\t\t\t<\/div>\n\t\t\t\t<\/div>\n\t\t\t\t<\/div>\n\t\t\t\t<div class=\"elementor-element elementor-element-d8ef0b3 elementor-hidden-desktop elementor-widget elementor-widget-tm-button\" data-id=\"d8ef0b3\" data-element_type=\"widget\" data-widget_type=\"tm-button.default\">\n\t\t\t\t<div class=\"elementor-widget-container\">\n\t\t\t\t\t<div class=\"tm-button-wrapper\">\n\t\t\t<a href=\"#\" class=\"tm-button-link tm-button style-text tm-button-nm icon-right\" role=\"button\">\n\t\t\t\t\t\t<div class=\"button-content-wrapper\">\n\t\t\t\n\t\t\t\t\t\t\t<span class=\"button-text\">Ahmed Hmoudou <\/span>\n\t\t\t\n\t\t\t\t\t\t\t<span class=\"button-icon\">\n\t\t\t\t\t<i class=\"fa-duotone fa-badge-check\"><\/i>\t\t\t\t<\/span>\n\t\t\t\t\t<\/div>\n\t\t\n\t\t\t\t\t\t\t<\/a>\n\t\t<\/div>\n\t\t\t\t<\/div>\n\t\t\t\t<\/div>\n\t\t\t\t<div class=\"elementor-element elementor-element-d4138cd elementor-hidden-desktop elementor-widget elementor-widget-heading\" data-id=\"d4138cd\" data-element_type=\"widget\" data-widget_type=\"heading.default\">\n\t\t\t\t<div class=\"elementor-widget-container\">\n\t\t\t<h2 class=\"elementor-heading-title elementor-size-default\">Pr\u00e9sident du Corps Marocain pour \u00e9ducation et D\u00e9veloppement<\/h2>\t\t<\/div>\n\t\t\t\t<\/div>\n\t\t\t\t\t<\/div>\n\t\t<\/div>\n\t\t\t\t\t<\/div>\n\t\t<\/section>\n\t\t\t\t\t<\/div>\n\t\t<\/div>\n\t\t\t\t\t<\/div>\n\t\t<\/section>\n\t\t\t\t<\/div>","protected":false},"excerpt":{"rendered":"<p>Mot du pr\u00e9sident Ahmed Hmoudou Pr\u00e9sident du Corps Marocain pour \u00c9ducation et D\u00e9veloppement La force d&#8217;une association et de son \u00e9quipe, ce sont ses valeurs et le sens qu&#8217;elle donne \u00e0 ses actions. Depuis la cr\u00e9ation du corps Marocain pour \u00e9ducation et d\u00e9veloppement en 2000, nous avons constamment d\u00e9fendu l\u2019approche genre, la question de l\u2019\u00e9ducation et l\u2019insertion professionnelle des jeunes, et des migrants et r\u00e9fugi\u00e9s, certes, mais aussi trouver un accompagnement pour d\u00e9velopper leur autonomie, cr\u00e9er des liens, s&#8217;ouvrir aux cultures. Le contexte institutionnel, li\u00e9 \u00e0 l&#8217;int\u00e9gration des personnes en situation vuln\u00e9rable, notamment les jeunes qui n\u00e9cessite une deuxi\u00e8me chance et l&#8217;insertion des publics en difficult\u00e9, \u00e9volue constamment et exige d&#8217;une association comme la n\u00f4tre des adaptations fr\u00e9quentes c\u2019est pourquoi notre projet s&#8217;appuie sur la participation de tous. Tout comme les publics que nous accueillons, nous devons faire face \u00e0 de nombreuses incertitudes et les g\u00e9rer au mieux pour trouver notre autonomie, d\u00e9fendre nos points de vue, gagner un \u00e9quilibre financier afin de garantir \u00e0 toutes et \u00e0 tous la stabilit\u00e9 d&#8217;une structure solide. Rassembler et promouvoir continue d\u2019\u00eatre la mission essentielle du CMED. Bien entendu, en plus du cot\u00e9 sociale, notre r\u00f4le en tant qu\u2019Association sera, en concertation et en collaboration avec tous les acteurs de la communaut\u00e9, de participer au rayonnement des recherches dans le domaine de l\u2019insertion professionnelle des jeunes et l\u2019am\u00e9lioration de la situation du pr\u00e9scolaire et de l\u2019enfance en g\u00e9n\u00e9ral. Le partage et l&#8217;implication de tous ceux que je rencontre renforcent ma conviction qu&#8217;ensemble et dans un esprit solidaire, les hommes et les femmes du monde r\u00e9alisent de grandes choses. la confiance en nous pour construire de fa\u00e7on plus belle l&#8217;humanit\u00e9. Fort de ces projets et motiv\u00e9 par ces d\u00e9fis qui nous attendent, je me r\u00e9jouis de vous rencontrer prochainement, en chair et en os de pr\u00e9f\u00e9rence, \u00e0 l\u2019occasion d\u2019un de nos nombreux \u00e9v\u00e9nements et je vous remercie de contribuer, chacune \u00e0 votre niveau, au rayonnement de notre association. \u00a0 Ahmed Hmoudou Pr\u00e9sident du Corps Marocain pour \u00e9ducation et D\u00e9veloppement<\/p>","protected":false},"author":1,"featured_media":0,"parent":0,"menu_order":9,"comment_status":"closed","ping_status":"closed","template":"elementor_header_footer","meta":{"ngg_post_thumbnail":0,"footnotes":""},"class_list":["post-6388","page","type-page","status-publish","hentry","post-no-thumbnail"],"_links":{"self":[{"href":"https:\/\/cmedmaroc.org\/en\/wp-json\/wp\/v2\/pages\/6388","targetHints":{"allow":["GET"]}}],"collection":[{"href":"https:\/\/cmedmaroc.org\/en\/wp-json\/wp\/v2\/pages"}],"about":[{"href":"https:\/\/cmedmaroc.org\/en\/wp-json\/wp\/v2\/types\/page"}],"author":[{"embeddable":true,"href":"https:\/\/cmedmaroc.org\/en\/wp-json\/wp\/v2\/users\/1"}],"replies":[{"embeddable":true,"href":"https:\/\/cmedmaroc.org\/en\/wp-json\/wp\/v2\/comments?post=6388"}],"version-history":[{"count":115,"href":"https:\/\/cmedmaroc.org\/en\/wp-json\/wp\/v2\/pages\/6388\/revisions"}],"predecessor-version":[{"id":6954,"href":"https:\/\/cmedmaroc.org\/en\/wp-json\/wp\/v2\/pages\/6388\/revisions\/6954"}],"wp:attachment":[{"href":"https:\/\/cmedmaroc.org\/en\/wp-json\/wp\/v2\/media?parent=6388"}],"curies":[{"name":"wp","href":"https:\/\/api.w.org\/{rel}","templated":true}]}}